{"id":99,"date":"2020-02-04T12:02:05","date_gmt":"2020-02-04T12:02:05","guid":{"rendered":"http:\/\/neu.esv-flug.at\/?page_id=99"},"modified":"2024-10-15T17:25:38","modified_gmt":"2024-10-15T17:25:38","slug":"bannerflug-buchen","status":"publish","type":"page","link":"https:\/\/esv-flug.at\/?page_id=99","title":{"rendered":"Bannerflug buchen"},"content":{"rendered":"\n<p>Kontakt: <a href=\"mailto:esvamst.flugsport@gmail.com\">e-mail<\/a><\/p>\n\n\n\n<p>Der ESV-Amstetten Flugsport bietet die M\u00f6glichkeit f\u00fcr seine Sponsoren Flugbanner in der Region zu pr\u00e4sentieren.<\/p>\n\n\n\n<figure class=\"wp-block-image size-large\"><img loading=\"lazy\" decoding=\"async\" width=\"1024\" height=\"646\" src=\"https:\/\/esv-flug.at\/wp-content\/uploads\/2024\/09\/2016-1024x646.jpg\" alt=\"\" class=\"wp-image-729\" srcset=\"https:\/\/esv-flug.at\/wp-content\/uploads\/2024\/09\/2016-1024x646.jpg 1024w, https:\/\/esv-flug.at\/wp-content\/uploads\/2024\/09\/2016-300x189.jpg 300w, https:\/\/esv-flug.at\/wp-content\/uploads\/2024\/09\/2016-768x485.jpg 768w, https:\/\/esv-flug.at\/wp-content\/uploads\/2024\/09\/2016-1536x969.jpg 1536w, https:\/\/esv-flug.at\/wp-content\/uploads\/2024\/09\/2016-476x300.jpg 476w, https:\/\/esv-flug.at\/wp-content\/uploads\/2024\/09\/2016.jpg 1902w\" sizes=\"auto, (max-width: 1024px) 100vw, 1024px\" \/><\/figure>\n\n\n\n<p><a href=\"https:\/\/m.youtube.com\/watch?v=OEqZWhUZGeQ\"><\/a><a href=\"https:\/\/youtu.be\/OEqZWhUZGeQ?si=r4x7XQxqL2V23LpP\">https:\/\/m.youtube.com\/watch?v=OEqZWhUZGeQ<\/a><\/p>\n\n\n\n<figure class=\"wp-block-gallery has-nested-images columns-7 is-cropped wp-block-gallery-1 is-layout-flex wp-block-gallery-is-layout-flex\">\n<figure class=\"wp-block-image size-large\"><img loading=\"lazy\" decoding=\"async\" width=\"1024\" height=\"429\" data-id=\"956\" src=\"https:\/\/esv-flug.at\/wp-content\/uploads\/2024\/10\/Banner-esv-flug.at_-1024x429.jpg\" alt=\"\" class=\"wp-image-956\" srcset=\"https:\/\/esv-flug.at\/wp-content\/uploads\/2024\/10\/Banner-esv-flug.at_-1024x429.jpg 1024w, https:\/\/esv-flug.at\/wp-content\/uploads\/2024\/10\/Banner-esv-flug.at_-300x126.jpg 300w, https:\/\/esv-flug.at\/wp-content\/uploads\/2024\/10\/Banner-esv-flug.at_-768x322.jpg 768w, https:\/\/esv-flug.at\/wp-content\/uploads\/2024\/10\/Banner-esv-flug.at_-1536x644.jpg 1536w, https:\/\/esv-flug.at\/wp-content\/uploads\/2024\/10\/Banner-esv-flug.at_-500x210.jpg 500w, https:\/\/esv-flug.at\/wp-content\/uploads\/2024\/10\/Banner-esv-flug.at_.jpg 1600w\" sizes=\"auto, (max-width: 1024px) 100vw, 1024px\" \/><\/figure>\n\n\n\n<figure class=\"wp-block-image size-large\"><img loading=\"lazy\" decoding=\"async\" width=\"1024\" height=\"471\" data-id=\"959\" src=\"https:\/\/esv-flug.at\/wp-content\/uploads\/2024\/10\/Banner-Lietz-2013a-1024x471.jpg\" alt=\"\" class=\"wp-image-959\" srcset=\"https:\/\/esv-flug.at\/wp-content\/uploads\/2024\/10\/Banner-Lietz-2013a-1024x471.jpg 1024w, https:\/\/esv-flug.at\/wp-content\/uploads\/2024\/10\/Banner-Lietz-2013a-300x138.jpg 300w, https:\/\/esv-flug.at\/wp-content\/uploads\/2024\/10\/Banner-Lietz-2013a-768x353.jpg 768w, https:\/\/esv-flug.at\/wp-content\/uploads\/2024\/10\/Banner-Lietz-2013a-1536x707.jpg 1536w, https:\/\/esv-flug.at\/wp-content\/uploads\/2024\/10\/Banner-Lietz-2013a-500x230.jpg 500w, https:\/\/esv-flug.at\/wp-content\/uploads\/2024\/10\/Banner-Lietz-2013a.jpg 1600w\" sizes=\"auto, (max-width: 1024px) 100vw, 1024px\" \/><\/figure>\n\n\n\n<figure class=\"wp-block-image size-large\"><img loading=\"lazy\" decoding=\"async\" width=\"1024\" height=\"403\" data-id=\"958\" src=\"https:\/\/esv-flug.at\/wp-content\/uploads\/2024\/10\/Heirate-mich-3-1024x403.jpg\" alt=\"\" class=\"wp-image-958\" srcset=\"https:\/\/esv-flug.at\/wp-content\/uploads\/2024\/10\/Heirate-mich-3-1024x403.jpg 1024w, https:\/\/esv-flug.at\/wp-content\/uploads\/2024\/10\/Heirate-mich-3-300x118.jpg 300w, https:\/\/esv-flug.at\/wp-content\/uploads\/2024\/10\/Heirate-mich-3-768x302.jpg 768w, https:\/\/esv-flug.at\/wp-content\/uploads\/2024\/10\/Heirate-mich-3-1536x605.jpg 1536w, https:\/\/esv-flug.at\/wp-content\/uploads\/2024\/10\/Heirate-mich-3-500x197.jpg 500w, https:\/\/esv-flug.at\/wp-content\/uploads\/2024\/10\/Heirate-mich-3.jpg 1600w\" sizes=\"auto, (max-width: 1024px) 100vw, 1024px\" \/><\/figure>\n\n\n\n<figure class=\"wp-block-image size-large\"><img loading=\"lazy\" decoding=\"async\" width=\"1024\" height=\"348\" data-id=\"960\" src=\"https:\/\/esv-flug.at\/wp-content\/uploads\/2024\/10\/raiba-banner01-1024x348.jpg\" alt=\"\" class=\"wp-image-960\" srcset=\"https:\/\/esv-flug.at\/wp-content\/uploads\/2024\/10\/raiba-banner01-1024x348.jpg 1024w, https:\/\/esv-flug.at\/wp-content\/uploads\/2024\/10\/raiba-banner01-300x102.jpg 300w, https:\/\/esv-flug.at\/wp-content\/uploads\/2024\/10\/raiba-banner01-768x261.jpg 768w, https:\/\/esv-flug.at\/wp-content\/uploads\/2024\/10\/raiba-banner01-1536x521.jpg 1536w, https:\/\/esv-flug.at\/wp-content\/uploads\/2024\/10\/raiba-banner01-500x170.jpg 500w, https:\/\/esv-flug.at\/wp-content\/uploads\/2024\/10\/raiba-banner01.jpg 1600w\" sizes=\"auto, (max-width: 1024px) 100vw, 1024px\" \/><\/figure>\n\n\n\n<figure class=\"wp-block-image size-large\"><img loading=\"lazy\" decoding=\"async\" width=\"1024\" height=\"646\" data-id=\"961\" src=\"https:\/\/esv-flug.at\/wp-content\/uploads\/2024\/10\/raiba-banner04-1024x646.jpg\" alt=\"\" class=\"wp-image-961\" srcset=\"https:\/\/esv-flug.at\/wp-content\/uploads\/2024\/10\/raiba-banner04-1024x646.jpg 1024w, https:\/\/esv-flug.at\/wp-content\/uploads\/2024\/10\/raiba-banner04-300x189.jpg 300w, https:\/\/esv-flug.at\/wp-content\/uploads\/2024\/10\/raiba-banner04-768x484.jpg 768w, https:\/\/esv-flug.at\/wp-content\/uploads\/2024\/10\/raiba-banner04-1536x968.jpg 1536w, https:\/\/esv-flug.at\/wp-content\/uploads\/2024\/10\/raiba-banner04-476x300.jpg 476w, https:\/\/esv-flug.at\/wp-content\/uploads\/2024\/10\/raiba-banner04.jpg 1586w\" sizes=\"auto, (max-width: 1024px) 100vw, 1024px\" \/><\/figure>\n\n\n\n<figure class=\"wp-block-image size-large\"><img loading=\"lazy\" decoding=\"async\" width=\"1024\" height=\"683\" data-id=\"957\" src=\"https:\/\/esv-flug.at\/wp-content\/uploads\/2024\/10\/raika-banner-Spartage-1024x683.jpg\" alt=\"\" class=\"wp-image-957\" srcset=\"https:\/\/esv-flug.at\/wp-content\/uploads\/2024\/10\/raika-banner-Spartage-1024x683.jpg 1024w, https:\/\/esv-flug.at\/wp-content\/uploads\/2024\/10\/raika-banner-Spartage-300x200.jpg 300w, https:\/\/esv-flug.at\/wp-content\/uploads\/2024\/10\/raika-banner-Spartage-768x512.jpg 768w, https:\/\/esv-flug.at\/wp-content\/uploads\/2024\/10\/raika-banner-Spartage-450x300.jpg 450w, https:\/\/esv-flug.at\/wp-content\/uploads\/2024\/10\/raika-banner-Spartage.jpg 1500w\" sizes=\"auto, (max-width: 1024px) 100vw, 1024px\" \/><\/figure>\n\n\n\n<figure class=\"wp-block-image size-large\"><img loading=\"lazy\" decoding=\"async\" width=\"1024\" height=\"576\" data-id=\"941\" src=\"https:\/\/esv-flug.at\/wp-content\/uploads\/2024\/09\/20200502_110041-1024x576.jpg\" alt=\"\" class=\"wp-image-941\" srcset=\"https:\/\/esv-flug.at\/wp-content\/uploads\/2024\/09\/20200502_110041-1024x576.jpg 1024w, https:\/\/esv-flug.at\/wp-content\/uploads\/2024\/09\/20200502_110041-300x169.jpg 300w, https:\/\/esv-flug.at\/wp-content\/uploads\/2024\/09\/20200502_110041-768x432.jpg 768w, https:\/\/esv-flug.at\/wp-content\/uploads\/2024\/09\/20200502_110041-1536x864.jpg 1536w, https:\/\/esv-flug.at\/wp-content\/uploads\/2024\/09\/20200502_110041-500x281.jpg 500w, https:\/\/esv-flug.at\/wp-content\/uploads\/2024\/09\/20200502_110041.jpg 1600w\" sizes=\"auto, (max-width: 1024px) 100vw, 1024px\" \/><\/figure>\n<\/figure>\n\n\n\n<p><\/p>\n","protected":false},"excerpt":{"rendered":"<p>Kontakt: e-mail Der ESV-Amstetten Flugsport bietet die M\u00f6glichkeit f\u00fcr seine Sponsoren Flugbanner in der Region zu pr\u00e4sentieren. https:\/\/m.youtube.com\/watch?v=OEqZWhUZGeQ<\/p>\n","protected":false},"author":1,"featured_media":0,"parent":9,"menu_order":6,"comment_status":"closed","ping_status":"closed","template":"","meta":{"footnotes":""},"class_list":["post-99","page","type-page","status-publish","hentry"],"_links":{"self":[{"href":"https:\/\/esv-flug.at\/index.php?rest_route=\/wp\/v2\/pages\/99","targetHints":{"allow":["GET"]}}],"collection":[{"href":"https:\/\/esv-flug.at\/index.php?rest_route=\/wp\/v2\/pages"}],"about":[{"href":"https:\/\/esv-flug.at\/index.php?rest_route=\/wp\/v2\/types\/page"}],"author":[{"embeddable":true,"href":"https:\/\/esv-flug.at\/index.php?rest_route=\/wp\/v2\/users\/1"}],"replies":[{"embeddable":true,"href":"https:\/\/esv-flug.at\/index.php?rest_route=%2Fwp%2Fv2%2Fcomments&post=99"}],"version-history":[{"count":8,"href":"https:\/\/esv-flug.at\/index.php?rest_route=\/wp\/v2\/pages\/99\/revisions"}],"predecessor-version":[{"id":968,"href":"https:\/\/esv-flug.at\/index.php?rest_route=\/wp\/v2\/pages\/99\/revisions\/968"}],"up":[{"embeddable":true,"href":"https:\/\/esv-flug.at\/index.php?rest_route=\/wp\/v2\/pages\/9"}],"wp:attachment":[{"href":"https:\/\/esv-flug.at\/index.php?rest_route=%2Fwp%2Fv2%2Fmedia&parent=99"}],"curies":[{"name":"wp","href":"https:\/\/api.w.org\/{rel}","templated":true}]}}