{"id":42,"date":"2020-01-21T12:03:31","date_gmt":"2020-01-21T12:03:31","guid":{"rendered":"http:\/\/neu.esv-flug.at\/?page_id=42"},"modified":"2024-09-28T19:07:45","modified_gmt":"2024-09-28T19:07:45","slug":"hb23-2400","status":"publish","type":"page","link":"https:\/\/esv-flug.at\/?page_id=42","title":{"rendered":"HB23-2400"},"content":{"rendered":"\n<p><a href=\"https:\/\/de.wikipedia.org\/wiki\/Brditschka_HB-23\" target=\"_blank\" rel=\"noreferrer noopener\" aria-label=\" (\u00f6ffnet in neuem Tab)\">https:\/\/de.wikipedia.org\/wiki\/Brditschka_HB-23<\/a><\/p>\n\n\n\n<p>Die vereinseigene HB-23 OE-9271 ist ein Allesk\u00f6nner, d.h. neben einfachen Patzrunden, Fl\u00fcgen \u00fcber weitere Strecken ist Sie auch f\u00fcr Schleppfl\u00fcge und Bannerfl\u00fcge ausger\u00fcstet bzw. zugelassen. Zu den besonders gutm\u00fctigen Flugeigenschaften kommt noch weitere Besonderheiten. Aufgrund ihrer Bauweise mit einem Druckpropeller ist die Sicht nach vorne besonderes gut und eignet sich daher besonders f\u00fcr Rundfl\u00fcge. Die niedrige Bauweise vereinfacht das Einsteigen sehr.<\/p>\n\n\n\n<figure class=\"wp-block-gallery has-nested-images columns-default is-cropped wp-block-gallery-1 is-layout-flex wp-block-gallery-is-layout-flex\">\n<figure class=\"wp-block-image size-large\"><img loading=\"lazy\" decoding=\"async\" width=\"1024\" height=\"683\" data-id=\"743\" src=\"https:\/\/esv-flug.at\/wp-content\/uploads\/2024\/09\/Ziellanden-LOLG-2017-1024x683.jpg\" alt=\"\" class=\"wp-image-743\" srcset=\"https:\/\/esv-flug.at\/wp-content\/uploads\/2024\/09\/Ziellanden-LOLG-2017-1024x683.jpg 1024w, https:\/\/esv-flug.at\/wp-content\/uploads\/2024\/09\/Ziellanden-LOLG-2017-300x200.jpg 300w, https:\/\/esv-flug.at\/wp-content\/uploads\/2024\/09\/Ziellanden-LOLG-2017-768x512.jpg 768w, https:\/\/esv-flug.at\/wp-content\/uploads\/2024\/09\/Ziellanden-LOLG-2017-1536x1024.jpg 1536w, https:\/\/esv-flug.at\/wp-content\/uploads\/2024\/09\/Ziellanden-LOLG-2017-450x300.jpg 450w, https:\/\/esv-flug.at\/wp-content\/uploads\/2024\/09\/Ziellanden-LOLG-2017.jpg 1800w\" sizes=\"auto, (max-width: 1024px) 100vw, 1024px\" \/><\/figure>\n\n\n\n<figure class=\"wp-block-image size-large\"><img loading=\"lazy\" decoding=\"async\" width=\"768\" height=\"1024\" data-id=\"739\" src=\"https:\/\/esv-flug.at\/wp-content\/uploads\/2024\/09\/033-768x1024.jpg\" alt=\"\" class=\"wp-image-739\" srcset=\"https:\/\/esv-flug.at\/wp-content\/uploads\/2024\/09\/033-768x1024.jpg 768w, https:\/\/esv-flug.at\/wp-content\/uploads\/2024\/09\/033-225x300.jpg 225w, https:\/\/esv-flug.at\/wp-content\/uploads\/2024\/09\/033-1152x1536.jpg 1152w, https:\/\/esv-flug.at\/wp-content\/uploads\/2024\/09\/033.jpg 1200w\" sizes=\"auto, (max-width: 768px) 100vw, 768px\" \/><\/figure>\n\n\n\n<figure class=\"wp-block-image size-large\"><img loading=\"lazy\" decoding=\"async\" width=\"1024\" height=\"652\" data-id=\"735\" src=\"https:\/\/esv-flug.at\/wp-content\/uploads\/2024\/09\/009-1024x652.jpg\" alt=\"\" class=\"wp-image-735\" srcset=\"https:\/\/esv-flug.at\/wp-content\/uploads\/2024\/09\/009-1024x652.jpg 1024w, https:\/\/esv-flug.at\/wp-content\/uploads\/2024\/09\/009-300x191.jpg 300w, https:\/\/esv-flug.at\/wp-content\/uploads\/2024\/09\/009-768x489.jpg 768w, https:\/\/esv-flug.at\/wp-content\/uploads\/2024\/09\/009-1536x978.jpg 1536w, https:\/\/esv-flug.at\/wp-content\/uploads\/2024\/09\/009-471x300.jpg 471w, https:\/\/esv-flug.at\/wp-content\/uploads\/2024\/09\/009.jpg 1884w\" sizes=\"auto, (max-width: 1024px) 100vw, 1024px\" \/><\/figure>\n\n\n\n<figure class=\"wp-block-image size-large\"><img loading=\"lazy\" decoding=\"async\" width=\"1024\" height=\"682\" data-id=\"728\" src=\"https:\/\/esv-flug.at\/wp-content\/uploads\/2024\/09\/107-1024x682.jpg\" alt=\"\" class=\"wp-image-728\" srcset=\"https:\/\/esv-flug.at\/wp-content\/uploads\/2024\/09\/107-1024x682.jpg 1024w, https:\/\/esv-flug.at\/wp-content\/uploads\/2024\/09\/107-300x200.jpg 300w, https:\/\/esv-flug.at\/wp-content\/uploads\/2024\/09\/107-768x512.jpg 768w, https:\/\/esv-flug.at\/wp-content\/uploads\/2024\/09\/107-1536x1023.jpg 1536w, https:\/\/esv-flug.at\/wp-content\/uploads\/2024\/09\/107-450x300.jpg 450w, https:\/\/esv-flug.at\/wp-content\/uploads\/2024\/09\/107.jpg 1801w\" sizes=\"auto, (max-width: 1024px) 100vw, 1024px\" \/><\/figure>\n\n\n\n<figure class=\"wp-block-image size-large\"><img loading=\"lazy\" decoding=\"async\" width=\"1024\" height=\"576\" data-id=\"715\" src=\"https:\/\/esv-flug.at\/wp-content\/uploads\/2024\/09\/2019-ESV-Jahresabschluss-024-1024x576.jpg\" alt=\"\" class=\"wp-image-715\" srcset=\"https:\/\/esv-flug.at\/wp-content\/uploads\/2024\/09\/2019-ESV-Jahresabschluss-024-1024x576.jpg 1024w, https:\/\/esv-flug.at\/wp-content\/uploads\/2024\/09\/2019-ESV-Jahresabschluss-024-300x169.jpg 300w, https:\/\/esv-flug.at\/wp-content\/uploads\/2024\/09\/2019-ESV-Jahresabschluss-024-768x432.jpg 768w, https:\/\/esv-flug.at\/wp-content\/uploads\/2024\/09\/2019-ESV-Jahresabschluss-024-1536x864.jpg 1536w, https:\/\/esv-flug.at\/wp-content\/uploads\/2024\/09\/2019-ESV-Jahresabschluss-024-500x281.jpg 500w, https:\/\/esv-flug.at\/wp-content\/uploads\/2024\/09\/2019-ESV-Jahresabschluss-024.jpg 1920w\" sizes=\"auto, (max-width: 1024px) 100vw, 1024px\" \/><\/figure>\n\n\n\n<figure class=\"wp-block-image size-large\"><img loading=\"lazy\" decoding=\"async\" width=\"1024\" height=\"768\" data-id=\"678\" src=\"https:\/\/esv-flug.at\/wp-content\/uploads\/2024\/09\/GOPR8137_1593975723044-1024x768.jpg\" alt=\"\" class=\"wp-image-678\" srcset=\"https:\/\/esv-flug.at\/wp-content\/uploads\/2024\/09\/GOPR8137_1593975723044-1024x768.jpg 1024w, https:\/\/esv-flug.at\/wp-content\/uploads\/2024\/09\/GOPR8137_1593975723044-300x225.jpg 300w, https:\/\/esv-flug.at\/wp-content\/uploads\/2024\/09\/GOPR8137_1593975723044-768x576.jpg 768w, https:\/\/esv-flug.at\/wp-content\/uploads\/2024\/09\/GOPR8137_1593975723044-400x300.jpg 400w, https:\/\/esv-flug.at\/wp-content\/uploads\/2024\/09\/GOPR8137_1593975723044.jpg 1280w\" sizes=\"auto, (max-width: 1024px) 100vw, 1024px\" \/><\/figure>\n<\/figure>\n\n\n\n<p><a href=\"https:\/\/youtu.be\/i0eJ07hgDLA\">https:\/\/youtu.be\/i0eJ07hgDLA<\/a><\/p>\n","protected":false},"excerpt":{"rendered":"<p>https:\/\/de.wikipedia.org\/wiki\/Brditschka_HB-23 Die vereinseigene HB-23 OE-9271 ist ein Allesk\u00f6nner, d.h. neben einfachen Patzrunden, Fl\u00fcgen \u00fcber weitere Strecken ist Sie auch f\u00fcr Schleppfl\u00fcge und Bannerfl\u00fcge ausger\u00fcstet bzw. zugelassen. Zu den besonders gutm\u00fctigen Flugeigenschaften kommt noch weitere Besonderheiten. Aufgrund ihrer Bauweise mit einem &hellip; <a href=\"https:\/\/esv-flug.at\/?page_id=42\">Weiterlesen <span class=\"meta-nav\">&rarr;<\/span><\/a><\/p>\n","protected":false},"author":1,"featured_media":0,"parent":30,"menu_order":1,"comment_status":"closed","ping_status":"closed","template":"","meta":{"footnotes":""},"class_list":["post-42","page","type-page","status-publish","hentry"],"_links":{"self":[{"href":"https:\/\/esv-flug.at\/index.php?rest_route=\/wp\/v2\/pages\/42","targetHints":{"allow":["GET"]}}],"collection":[{"href":"https:\/\/esv-flug.at\/index.php?rest_route=\/wp\/v2\/pages"}],"about":[{"href":"https:\/\/esv-flug.at\/index.php?rest_route=\/wp\/v2\/types\/page"}],"author":[{"embeddable":true,"href":"https:\/\/esv-flug.at\/index.php?rest_route=\/wp\/v2\/users\/1"}],"replies":[{"embeddable":true,"href":"https:\/\/esv-flug.at\/index.php?rest_route=%2Fwp%2Fv2%2Fcomments&post=42"}],"version-history":[{"count":4,"href":"https:\/\/esv-flug.at\/index.php?rest_route=\/wp\/v2\/pages\/42\/revisions"}],"predecessor-version":[{"id":950,"href":"https:\/\/esv-flug.at\/index.php?rest_route=\/wp\/v2\/pages\/42\/revisions\/950"}],"up":[{"embeddable":true,"href":"https:\/\/esv-flug.at\/index.php?rest_route=\/wp\/v2\/pages\/30"}],"wp:attachment":[{"href":"https:\/\/esv-flug.at\/index.php?rest_route=%2Fwp%2Fv2%2Fmedia&parent=42"}],"curies":[{"name":"wp","href":"https:\/\/api.w.org\/{rel}","templated":true}]}}