{"id":40,"date":"2020-01-21T13:03:11","date_gmt":"2020-01-21T12:03:11","guid":{"rendered":"http:\/\/neu.esv-flug.at\/?page_id=40"},"modified":"2024-09-17T19:25:55","modified_gmt":"2024-09-17T19:25:55","slug":"twinastir-3sl","status":"publish","type":"page","link":"https:\/\/esv-flug.at\/?page_id=40","title":{"rendered":"TwinAstir 3SL"},"content":{"rendered":"\n<p><a href=\"https:\/\/de.wikipedia.org\/wiki\/Grob_G_103\" target=\"_blank\" rel=\"noreferrer noopener\" aria-label=\" (\u00f6ffnet in neuem Tab)\">https:\/\/de.wikipedia.org\/wiki\/Grob_G_103<\/a><\/p>\n\n\n\n<p>Der TwinAstir 3SL ist ein eigenstartf\u00e4higes Segelflugzeug und geh\u00f6rt mit seinen 20Meter Spannweite bereits in die &#8222;offen Klasse&#8220;. Seine gutm\u00fctigen Flugeigenschaften erm\u00f6glichen Flugsch\u00fclern den einfachen Einstieg in den Thermikflug. Das ger\u00e4umige Cockpit wird von Flugg\u00e4sten immer wieder positiv angemerkt. Vom einfachen Schnupperflug im Mostviertel zu weiten Strecen \u00fcber den Alpenbogen ist alles m\u00f6glich &#8230;<\/p>\n\n\n\n<figure class=\"wp-block-gallery has-nested-images columns-default is-cropped wp-block-gallery-1 is-layout-flex wp-block-gallery-is-layout-flex\">\n<figure class=\"wp-block-image size-large\"><img loading=\"lazy\" decoding=\"async\" width=\"1024\" height=\"768\" data-id=\"681\" src=\"https:\/\/esv-flug.at\/wp-content\/uploads\/2024\/09\/GOPR8351-1024x768.jpg\" alt=\"\" class=\"wp-image-681\" srcset=\"https:\/\/esv-flug.at\/wp-content\/uploads\/2024\/09\/GOPR8351-1024x768.jpg 1024w, https:\/\/esv-flug.at\/wp-content\/uploads\/2024\/09\/GOPR8351-300x225.jpg 300w, https:\/\/esv-flug.at\/wp-content\/uploads\/2024\/09\/GOPR8351-768x576.jpg 768w, https:\/\/esv-flug.at\/wp-content\/uploads\/2024\/09\/GOPR8351-400x300.jpg 400w, https:\/\/esv-flug.at\/wp-content\/uploads\/2024\/09\/GOPR8351.jpg 1280w\" sizes=\"auto, (max-width: 1024px) 100vw, 1024px\" \/><\/figure>\n\n\n\n<figure class=\"wp-block-image size-large\"><img loading=\"lazy\" decoding=\"async\" width=\"1024\" height=\"768\" data-id=\"680\" src=\"https:\/\/esv-flug.at\/wp-content\/uploads\/2024\/09\/GOPR8243_1598026706323-1024x768.jpg\" alt=\"\" class=\"wp-image-680\" srcset=\"https:\/\/esv-flug.at\/wp-content\/uploads\/2024\/09\/GOPR8243_1598026706323-1024x768.jpg 1024w, https:\/\/esv-flug.at\/wp-content\/uploads\/2024\/09\/GOPR8243_1598026706323-300x225.jpg 300w, https:\/\/esv-flug.at\/wp-content\/uploads\/2024\/09\/GOPR8243_1598026706323-768x576.jpg 768w, https:\/\/esv-flug.at\/wp-content\/uploads\/2024\/09\/GOPR8243_1598026706323-400x300.jpg 400w, https:\/\/esv-flug.at\/wp-content\/uploads\/2024\/09\/GOPR8243_1598026706323.jpg 1280w\" sizes=\"auto, (max-width: 1024px) 100vw, 1024px\" \/><\/figure>\n\n\n\n<figure class=\"wp-block-image size-large\"><img loading=\"lazy\" decoding=\"async\" width=\"1024\" height=\"768\" data-id=\"677\" src=\"https:\/\/esv-flug.at\/wp-content\/uploads\/2024\/09\/GOPR8130_1593963291158-1024x768.jpg\" alt=\"\" class=\"wp-image-677\" srcset=\"https:\/\/esv-flug.at\/wp-content\/uploads\/2024\/09\/GOPR8130_1593963291158-1024x768.jpg 1024w, https:\/\/esv-flug.at\/wp-content\/uploads\/2024\/09\/GOPR8130_1593963291158-300x225.jpg 300w, https:\/\/esv-flug.at\/wp-content\/uploads\/2024\/09\/GOPR8130_1593963291158-768x576.jpg 768w, https:\/\/esv-flug.at\/wp-content\/uploads\/2024\/09\/GOPR8130_1593963291158-400x300.jpg 400w, https:\/\/esv-flug.at\/wp-content\/uploads\/2024\/09\/GOPR8130_1593963291158.jpg 1280w\" sizes=\"auto, (max-width: 1024px) 100vw, 1024px\" \/><\/figure>\n\n\n\n<figure class=\"wp-block-image size-large\"><img loading=\"lazy\" decoding=\"async\" width=\"1024\" height=\"768\" data-id=\"679\" src=\"https:\/\/esv-flug.at\/wp-content\/uploads\/2024\/09\/GOPR8225_1598026773353-1024x768.jpg\" alt=\"\" class=\"wp-image-679\" srcset=\"https:\/\/esv-flug.at\/wp-content\/uploads\/2024\/09\/GOPR8225_1598026773353-1024x768.jpg 1024w, https:\/\/esv-flug.at\/wp-content\/uploads\/2024\/09\/GOPR8225_1598026773353-300x225.jpg 300w, https:\/\/esv-flug.at\/wp-content\/uploads\/2024\/09\/GOPR8225_1598026773353-768x576.jpg 768w, https:\/\/esv-flug.at\/wp-content\/uploads\/2024\/09\/GOPR8225_1598026773353-400x300.jpg 400w, https:\/\/esv-flug.at\/wp-content\/uploads\/2024\/09\/GOPR8225_1598026773353.jpg 1280w\" sizes=\"auto, (max-width: 1024px) 100vw, 1024px\" \/><\/figure>\n\n\n\n<figure class=\"wp-block-image size-large\"><img loading=\"lazy\" decoding=\"async\" width=\"1024\" height=\"768\" data-id=\"674\" src=\"https:\/\/esv-flug.at\/wp-content\/uploads\/2024\/09\/GOPR6979-1024x768.jpg\" alt=\"\" class=\"wp-image-674\" srcset=\"https:\/\/esv-flug.at\/wp-content\/uploads\/2024\/09\/GOPR6979-1024x768.jpg 1024w, https:\/\/esv-flug.at\/wp-content\/uploads\/2024\/09\/GOPR6979-300x225.jpg 300w, https:\/\/esv-flug.at\/wp-content\/uploads\/2024\/09\/GOPR6979-768x576.jpg 768w, https:\/\/esv-flug.at\/wp-content\/uploads\/2024\/09\/GOPR6979-400x300.jpg 400w, https:\/\/esv-flug.at\/wp-content\/uploads\/2024\/09\/GOPR6979.jpg 1280w\" sizes=\"auto, (max-width: 1024px) 100vw, 1024px\" \/><\/figure>\n\n\n\n<figure class=\"wp-block-image size-large\"><img loading=\"lazy\" decoding=\"async\" width=\"1024\" height=\"768\" data-id=\"676\" src=\"https:\/\/esv-flug.at\/wp-content\/uploads\/2024\/09\/GOPR7030-1024x768.jpg\" alt=\"\" class=\"wp-image-676\" srcset=\"https:\/\/esv-flug.at\/wp-content\/uploads\/2024\/09\/GOPR7030-1024x768.jpg 1024w, https:\/\/esv-flug.at\/wp-content\/uploads\/2024\/09\/GOPR7030-300x225.jpg 300w, https:\/\/esv-flug.at\/wp-content\/uploads\/2024\/09\/GOPR7030-768x576.jpg 768w, https:\/\/esv-flug.at\/wp-content\/uploads\/2024\/09\/GOPR7030-400x300.jpg 400w, https:\/\/esv-flug.at\/wp-content\/uploads\/2024\/09\/GOPR7030.jpg 1280w\" sizes=\"auto, (max-width: 1024px) 100vw, 1024px\" \/><\/figure>\n\n\n\n<figure class=\"wp-block-image size-large\"><img loading=\"lazy\" decoding=\"async\" width=\"1024\" height=\"768\" data-id=\"675\" src=\"https:\/\/esv-flug.at\/wp-content\/uploads\/2024\/09\/GOPR6986-1024x768.jpg\" alt=\"\" class=\"wp-image-675\" srcset=\"https:\/\/esv-flug.at\/wp-content\/uploads\/2024\/09\/GOPR6986-1024x768.jpg 1024w, https:\/\/esv-flug.at\/wp-content\/uploads\/2024\/09\/GOPR6986-300x225.jpg 300w, https:\/\/esv-flug.at\/wp-content\/uploads\/2024\/09\/GOPR6986-768x576.jpg 768w, https:\/\/esv-flug.at\/wp-content\/uploads\/2024\/09\/GOPR6986-400x300.jpg 400w, https:\/\/esv-flug.at\/wp-content\/uploads\/2024\/09\/GOPR6986.jpg 1280w\" sizes=\"auto, (max-width: 1024px) 100vw, 1024px\" \/><\/figure>\n\n\n\n<figure class=\"wp-block-image size-large\"><img loading=\"lazy\" decoding=\"async\" width=\"1024\" height=\"768\" data-id=\"673\" src=\"https:\/\/esv-flug.at\/wp-content\/uploads\/2024\/09\/GOPR5283-1024x768.jpg\" alt=\"\" class=\"wp-image-673\" srcset=\"https:\/\/esv-flug.at\/wp-content\/uploads\/2024\/09\/GOPR5283-1024x768.jpg 1024w, https:\/\/esv-flug.at\/wp-content\/uploads\/2024\/09\/GOPR5283-300x225.jpg 300w, https:\/\/esv-flug.at\/wp-content\/uploads\/2024\/09\/GOPR5283-768x576.jpg 768w, https:\/\/esv-flug.at\/wp-content\/uploads\/2024\/09\/GOPR5283-400x300.jpg 400w, https:\/\/esv-flug.at\/wp-content\/uploads\/2024\/09\/GOPR5283.jpg 1280w\" sizes=\"auto, (max-width: 1024px) 100vw, 1024px\" \/><\/figure>\n\n\n\n<figure class=\"wp-block-image size-large\"><img loading=\"lazy\" decoding=\"async\" width=\"1024\" height=\"768\" data-id=\"672\" src=\"https:\/\/esv-flug.at\/wp-content\/uploads\/2024\/09\/GOPR4362-1024x768.jpg\" alt=\"\" class=\"wp-image-672\" srcset=\"https:\/\/esv-flug.at\/wp-content\/uploads\/2024\/09\/GOPR4362-1024x768.jpg 1024w, https:\/\/esv-flug.at\/wp-content\/uploads\/2024\/09\/GOPR4362-300x225.jpg 300w, https:\/\/esv-flug.at\/wp-content\/uploads\/2024\/09\/GOPR4362-768x576.jpg 768w, https:\/\/esv-flug.at\/wp-content\/uploads\/2024\/09\/GOPR4362-400x300.jpg 400w, https:\/\/esv-flug.at\/wp-content\/uploads\/2024\/09\/GOPR4362.jpg 1280w\" sizes=\"auto, (max-width: 1024px) 100vw, 1024px\" \/><\/figure>\n\n\n\n<figure class=\"wp-block-image size-large\"><img loading=\"lazy\" decoding=\"async\" width=\"1024\" height=\"768\" data-id=\"671\" src=\"https:\/\/esv-flug.at\/wp-content\/uploads\/2024\/09\/GOPR3034-1024x768.jpg\" alt=\"\" class=\"wp-image-671\" srcset=\"https:\/\/esv-flug.at\/wp-content\/uploads\/2024\/09\/GOPR3034-1024x768.jpg 1024w, https:\/\/esv-flug.at\/wp-content\/uploads\/2024\/09\/GOPR3034-300x225.jpg 300w, https:\/\/esv-flug.at\/wp-content\/uploads\/2024\/09\/GOPR3034-768x576.jpg 768w, https:\/\/esv-flug.at\/wp-content\/uploads\/2024\/09\/GOPR3034-400x300.jpg 400w, https:\/\/esv-flug.at\/wp-content\/uploads\/2024\/09\/GOPR3034.jpg 1280w\" sizes=\"auto, (max-width: 1024px) 100vw, 1024px\" \/><\/figure>\n\n\n\n<figure class=\"wp-block-image size-large\"><img loading=\"lazy\" decoding=\"async\" width=\"1000\" height=\"287\" data-id=\"701\" src=\"https:\/\/esv-flug.at\/wp-content\/uploads\/2024\/09\/cropped-GOPR8225_1598026773353.jpg\" alt=\"\" class=\"wp-image-701\" srcset=\"https:\/\/esv-flug.at\/wp-content\/uploads\/2024\/09\/cropped-GOPR8225_1598026773353.jpg 1000w, https:\/\/esv-flug.at\/wp-content\/uploads\/2024\/09\/cropped-GOPR8225_1598026773353-300x86.jpg 300w, https:\/\/esv-flug.at\/wp-content\/uploads\/2024\/09\/cropped-GOPR8225_1598026773353-768x220.jpg 768w, https:\/\/esv-flug.at\/wp-content\/uploads\/2024\/09\/cropped-GOPR8225_1598026773353-500x144.jpg 500w\" sizes=\"auto, (max-width: 1000px) 100vw, 1000px\" \/><\/figure>\n\n\n\n<figure class=\"wp-block-image size-large\"><img loading=\"lazy\" decoding=\"async\" width=\"1024\" height=\"768\" data-id=\"670\" src=\"https:\/\/esv-flug.at\/wp-content\/uploads\/2024\/09\/GOPR3020-1024x768.jpg\" alt=\"\" class=\"wp-image-670\" srcset=\"https:\/\/esv-flug.at\/wp-content\/uploads\/2024\/09\/GOPR3020-1024x768.jpg 1024w, https:\/\/esv-flug.at\/wp-content\/uploads\/2024\/09\/GOPR3020-300x225.jpg 300w, https:\/\/esv-flug.at\/wp-content\/uploads\/2024\/09\/GOPR3020-768x576.jpg 768w, https:\/\/esv-flug.at\/wp-content\/uploads\/2024\/09\/GOPR3020-400x300.jpg 400w, https:\/\/esv-flug.at\/wp-content\/uploads\/2024\/09\/GOPR3020.jpg 1280w\" sizes=\"auto, (max-width: 1024px) 100vw, 1024px\" \/><\/figure>\n<\/figure>\n","protected":false},"excerpt":{"rendered":"<p>https:\/\/de.wikipedia.org\/wiki\/Grob_G_103 Der TwinAstir 3SL ist ein eigenstartf\u00e4higes Segelflugzeug und geh\u00f6rt mit seinen 20Meter Spannweite bereits in die &#8222;offen Klasse&#8220;. Seine gutm\u00fctigen Flugeigenschaften erm\u00f6glichen Flugsch\u00fclern den einfachen Einstieg in den Thermikflug. Das ger\u00e4umige Cockpit wird von Flugg\u00e4sten immer wieder positiv angemerkt. &hellip; <a href=\"https:\/\/esv-flug.at\/?page_id=40\">Weiterlesen <span class=\"meta-nav\">&rarr;<\/span><\/a><\/p>\n","protected":false},"author":1,"featured_media":0,"parent":30,"menu_order":4,"comment_status":"closed","ping_status":"closed","template":"","meta":{"footnotes":""},"class_list":["post-40","page","type-page","status-publish","hentry"],"_links":{"self":[{"href":"https:\/\/esv-flug.at\/index.php?rest_route=\/wp\/v2\/pages\/40","targetHints":{"allow":["GET"]}}],"collection":[{"href":"https:\/\/esv-flug.at\/index.php?rest_route=\/wp\/v2\/pages"}],"about":[{"href":"https:\/\/esv-flug.at\/index.php?rest_route=\/wp\/v2\/types\/page"}],"author":[{"embeddable":true,"href":"https:\/\/esv-flug.at\/index.php?rest_route=\/wp\/v2\/users\/1"}],"replies":[{"embeddable":true,"href":"https:\/\/esv-flug.at\/index.php?rest_route=%2Fwp%2Fv2%2Fcomments&post=40"}],"version-history":[{"count":3,"href":"https:\/\/esv-flug.at\/index.php?rest_route=\/wp\/v2\/pages\/40\/revisions"}],"predecessor-version":[{"id":760,"href":"https:\/\/esv-flug.at\/index.php?rest_route=\/wp\/v2\/pages\/40\/revisions\/760"}],"up":[{"embeddable":true,"href":"https:\/\/esv-flug.at\/index.php?rest_route=\/wp\/v2\/pages\/30"}],"wp:attachment":[{"href":"https:\/\/esv-flug.at\/index.php?rest_route=%2Fwp%2Fv2%2Fmedia&parent=40"}],"curies":[{"name":"wp","href":"https:\/\/api.w.org\/{rel}","templated":true}]}}