{"id":21,"date":"2020-01-21T11:52:48","date_gmt":"2020-01-21T10:52:48","guid":{"rendered":"http:\/\/neu.esv-flug.at\/?page_id=21"},"modified":"2024-09-26T18:02:06","modified_gmt":"2024-09-26T18:02:06","slug":"schnupperflug-machen","status":"publish","type":"page","link":"https:\/\/esv-flug.at\/?page_id=21","title":{"rendered":"Schnupperflug machen"},"content":{"rendered":"\n<p>Kontakt: <a href=\"mailto:esvamst.flugsport@gmail.com\">e-mail<\/a><\/p>\n\n\n\n<p>Du hast bei uns zwei M\u00f6glichkeit im Vereinsrahmen einen <strong>Schnupperflug <\/strong>zu machen.<\/p>\n\n\n\n<p>Im <strong>Motorsegler vom Typ HB23<\/strong> sitzt du direkt neben dem Piloten und hast aufgrund der Bauweise eine wunderbare Rundumsicht. Die Flugstrecke kann weitgehend frei gew\u00e4hlt werden.<\/p>\n\n\n\n<figure class=\"wp-block-image size-large\"><img loading=\"lazy\" decoding=\"async\" width=\"1024\" height=\"768\" src=\"https:\/\/esv-flug.at\/wp-content\/uploads\/2024\/09\/GOPR8137_1593975723044-1024x768.jpg\" alt=\"\" class=\"wp-image-678\" srcset=\"https:\/\/esv-flug.at\/wp-content\/uploads\/2024\/09\/GOPR8137_1593975723044-1024x768.jpg 1024w, https:\/\/esv-flug.at\/wp-content\/uploads\/2024\/09\/GOPR8137_1593975723044-300x225.jpg 300w, https:\/\/esv-flug.at\/wp-content\/uploads\/2024\/09\/GOPR8137_1593975723044-768x576.jpg 768w, https:\/\/esv-flug.at\/wp-content\/uploads\/2024\/09\/GOPR8137_1593975723044-400x300.jpg 400w, https:\/\/esv-flug.at\/wp-content\/uploads\/2024\/09\/GOPR8137_1593975723044.jpg 1280w\" sizes=\"auto, (max-width: 1024px) 100vw, 1024px\" \/><\/figure>\n\n\n\n<p>Im <strong>Segelflugzeug vom Typ TwinAstir <\/strong>sitzt du hinter dem Piloten und kannst den Flugsport \u00e4hnlich einem Vogelfug erleben. Nach dem Start fliegt man von einem Aufwind zum n\u00e4chsten und kann je nach Wetterlagen ausgehen vom Mostviertel auch in die h\u00f6heren Berge einsteigen.<br><\/p>\n\n\n\n<figure class=\"wp-block-image size-large\"><img loading=\"lazy\" decoding=\"async\" width=\"1024\" height=\"768\" src=\"https:\/\/esv-flug.at\/wp-content\/uploads\/2024\/09\/GOPR3020-1-1024x768.jpg\" alt=\"\" class=\"wp-image-683\" srcset=\"https:\/\/esv-flug.at\/wp-content\/uploads\/2024\/09\/GOPR3020-1-1024x768.jpg 1024w, https:\/\/esv-flug.at\/wp-content\/uploads\/2024\/09\/GOPR3020-1-300x225.jpg 300w, https:\/\/esv-flug.at\/wp-content\/uploads\/2024\/09\/GOPR3020-1-768x576.jpg 768w, https:\/\/esv-flug.at\/wp-content\/uploads\/2024\/09\/GOPR3020-1-400x300.jpg 400w, https:\/\/esv-flug.at\/wp-content\/uploads\/2024\/09\/GOPR3020-1.jpg 1280w\" sizes=\"auto, (max-width: 1024px) 100vw, 1024px\" \/><\/figure>\n\n\n\n<figure class=\"wp-block-image size-large\"><img loading=\"lazy\" decoding=\"async\" width=\"1024\" height=\"768\" src=\"https:\/\/esv-flug.at\/wp-content\/uploads\/2024\/09\/GOPR8351-1024x768.jpg\" alt=\"\" class=\"wp-image-681\" srcset=\"https:\/\/esv-flug.at\/wp-content\/uploads\/2024\/09\/GOPR8351-1024x768.jpg 1024w, https:\/\/esv-flug.at\/wp-content\/uploads\/2024\/09\/GOPR8351-300x225.jpg 300w, https:\/\/esv-flug.at\/wp-content\/uploads\/2024\/09\/GOPR8351-768x576.jpg 768w, https:\/\/esv-flug.at\/wp-content\/uploads\/2024\/09\/GOPR8351-400x300.jpg 400w, https:\/\/esv-flug.at\/wp-content\/uploads\/2024\/09\/GOPR8351.jpg 1280w\" sizes=\"auto, (max-width: 1024px) 100vw, 1024px\" \/><\/figure>\n\n\n\n<figure class=\"wp-block-image size-large\"><img loading=\"lazy\" decoding=\"async\" width=\"1024\" height=\"768\" src=\"https:\/\/esv-flug.at\/wp-content\/uploads\/2024\/09\/GOPR8130_1593963291158-1024x768.jpg\" alt=\"\" class=\"wp-image-677\" srcset=\"https:\/\/esv-flug.at\/wp-content\/uploads\/2024\/09\/GOPR8130_1593963291158-1024x768.jpg 1024w, https:\/\/esv-flug.at\/wp-content\/uploads\/2024\/09\/GOPR8130_1593963291158-300x225.jpg 300w, https:\/\/esv-flug.at\/wp-content\/uploads\/2024\/09\/GOPR8130_1593963291158-768x576.jpg 768w, https:\/\/esv-flug.at\/wp-content\/uploads\/2024\/09\/GOPR8130_1593963291158-400x300.jpg 400w, https:\/\/esv-flug.at\/wp-content\/uploads\/2024\/09\/GOPR8130_1593963291158.jpg 1280w\" sizes=\"auto, (max-width: 1024px) 100vw, 1024px\" \/><\/figure>\n\n\n\n<figure class=\"wp-block-image size-large\"><img loading=\"lazy\" decoding=\"async\" width=\"1024\" height=\"768\" src=\"https:\/\/esv-flug.at\/wp-content\/uploads\/2024\/09\/GOPR6986-1024x768.jpg\" alt=\"\" class=\"wp-image-675\" srcset=\"https:\/\/esv-flug.at\/wp-content\/uploads\/2024\/09\/GOPR6986-1024x768.jpg 1024w, https:\/\/esv-flug.at\/wp-content\/uploads\/2024\/09\/GOPR6986-300x225.jpg 300w, https:\/\/esv-flug.at\/wp-content\/uploads\/2024\/09\/GOPR6986-768x576.jpg 768w, https:\/\/esv-flug.at\/wp-content\/uploads\/2024\/09\/GOPR6986-400x300.jpg 400w, https:\/\/esv-flug.at\/wp-content\/uploads\/2024\/09\/GOPR6986.jpg 1280w\" sizes=\"auto, (max-width: 1024px) 100vw, 1024px\" \/><\/figure>\n\n\n\n<p><\/p>\n","protected":false},"excerpt":{"rendered":"<p>Kontakt: e-mail Du hast bei uns zwei M\u00f6glichkeit im Vereinsrahmen einen Schnupperflug zu machen. Im Motorsegler vom Typ HB23 sitzt du direkt neben dem Piloten und hast aufgrund der Bauweise eine wunderbare Rundumsicht. Die Flugstrecke kann weitgehend frei gew\u00e4hlt werden. &hellip; <a href=\"https:\/\/esv-flug.at\/?page_id=21\">Weiterlesen <span class=\"meta-nav\">&rarr;<\/span><\/a><\/p>\n","protected":false},"author":1,"featured_media":0,"parent":9,"menu_order":5,"comment_status":"closed","ping_status":"closed","template":"","meta":{"footnotes":""},"class_list":["post-21","page","type-page","status-publish","hentry"],"_links":{"self":[{"href":"https:\/\/esv-flug.at\/index.php?rest_route=\/wp\/v2\/pages\/21","targetHints":{"allow":["GET"]}}],"collection":[{"href":"https:\/\/esv-flug.at\/index.php?rest_route=\/wp\/v2\/pages"}],"about":[{"href":"https:\/\/esv-flug.at\/index.php?rest_route=\/wp\/v2\/types\/page"}],"author":[{"embeddable":true,"href":"https:\/\/esv-flug.at\/index.php?rest_route=\/wp\/v2\/users\/1"}],"replies":[{"embeddable":true,"href":"https:\/\/esv-flug.at\/index.php?rest_route=%2Fwp%2Fv2%2Fcomments&post=21"}],"version-history":[{"count":4,"href":"https:\/\/esv-flug.at\/index.php?rest_route=\/wp\/v2\/pages\/21\/revisions"}],"predecessor-version":[{"id":770,"href":"https:\/\/esv-flug.at\/index.php?rest_route=\/wp\/v2\/pages\/21\/revisions\/770"}],"up":[{"embeddable":true,"href":"https:\/\/esv-flug.at\/index.php?rest_route=\/wp\/v2\/pages\/9"}],"wp:attachment":[{"href":"https:\/\/esv-flug.at\/index.php?rest_route=%2Fwp%2Fv2%2Fmedia&parent=21"}],"curies":[{"name":"wp","href":"https:\/\/api.w.org\/{rel}","templated":true}]}}