{"id":17,"date":"2020-01-21T11:51:15","date_gmt":"2020-01-21T10:51:15","guid":{"rendered":"http:\/\/neu.esv-flug.at\/?page_id=17"},"modified":"2024-09-26T17:57:51","modified_gmt":"2024-09-26T17:57:51","slug":"mitglied-werden","status":"publish","type":"page","link":"https:\/\/esv-flug.at\/?page_id=17","title":{"rendered":"Mitglied werden"},"content":{"rendered":"\n<p>Kontakt: <a href=\"mailto:esvamst.flugsport@gmail.com\">e-mail<\/a><\/p>\n\n\n\n<p>Der ESV-Amstetten Flugsport besteht seit 1951 und bietet seinen Mitgliedern auf erschwingliche Weise den Flugsport auszu\u00fcben. Im Vereinsrahmen ist es m\u00f6glich mit Motorsegler (Touring Motor Glider) und Segelflugzeugen zu fliegen.<br>Die Vereinsaktivit\u00e4ten sind vom Flugsport gepr\u00e4gt und stecken sich \u00fcber den Saisonauftakt im Fr\u00fchjahr \u00fcber Fluglager, Streckenflugmeisterschaft sowie Ziellandewettbewerb bis zum Saisonabschluss mit Siegerehrungen.<br><\/p>\n","protected":false},"excerpt":{"rendered":"<p>Kontakt: e-mail Der ESV-Amstetten Flugsport besteht seit 1951 und bietet seinen Mitgliedern auf erschwingliche Weise den Flugsport auszu\u00fcben. Im Vereinsrahmen ist es m\u00f6glich mit Motorsegler (Touring Motor Glider) und Segelflugzeugen zu fliegen.Die Vereinsaktivit\u00e4ten sind vom Flugsport gepr\u00e4gt und stecken sich &hellip; <a href=\"https:\/\/esv-flug.at\/?page_id=17\">Weiterlesen <span class=\"meta-nav\">&rarr;<\/span><\/a><\/p>\n","protected":false},"author":1,"featured_media":0,"parent":9,"menu_order":1,"comment_status":"closed","ping_status":"closed","template":"","meta":{"footnotes":""},"class_list":["post-17","page","type-page","status-publish","hentry"],"_links":{"self":[{"href":"https:\/\/esv-flug.at\/index.php?rest_route=\/wp\/v2\/pages\/17","targetHints":{"allow":["GET"]}}],"collection":[{"href":"https:\/\/esv-flug.at\/index.php?rest_route=\/wp\/v2\/pages"}],"about":[{"href":"https:\/\/esv-flug.at\/index.php?rest_route=\/wp\/v2\/types\/page"}],"author":[{"embeddable":true,"href":"https:\/\/esv-flug.at\/index.php?rest_route=\/wp\/v2\/users\/1"}],"replies":[{"embeddable":true,"href":"https:\/\/esv-flug.at\/index.php?rest_route=%2Fwp%2Fv2%2Fcomments&post=17"}],"version-history":[{"count":1,"href":"https:\/\/esv-flug.at\/index.php?rest_route=\/wp\/v2\/pages\/17\/revisions"}],"predecessor-version":[{"id":767,"href":"https:\/\/esv-flug.at\/index.php?rest_route=\/wp\/v2\/pages\/17\/revisions\/767"}],"up":[{"embeddable":true,"href":"https:\/\/esv-flug.at\/index.php?rest_route=\/wp\/v2\/pages\/9"}],"wp:attachment":[{"href":"https:\/\/esv-flug.at\/index.php?rest_route=%2Fwp%2Fv2%2Fmedia&parent=17"}],"curies":[{"name":"wp","href":"https:\/\/api.w.org\/{rel}","templated":true}]}}